{"id":258,"date":"2018-01-22T10:17:40","date_gmt":"2018-01-22T14:17:40","guid":{"rendered":"http:\/\/alcaldialiceyalmedio.gob.do\/transparencia\/?page_id=258"},"modified":"2024-05-24T09:57:38","modified_gmt":"2024-05-24T13:57:38","slug":"responsable-de-acceso-a-la-informacion","status":"publish","type":"page","link":"https:\/\/ayuntamientoliceyalmedio.gob.do\/transparencia\/responsable-de-acceso-a-la-informacion\/","title":{"rendered":"Responsable de Acceso a la Informaci\u00f3n"},"content":{"rendered":"<p class=\"paragraph ng-attr-widget\"><strong>Responsable de Acceso a la Informaci\u00f3n<\/strong><\/p>\n<p>Srita. Yannelis N\u00fa\u00f1ez<\/p>\n<p>Responsable de Libre Acceso a la Informaci\u00f3n Publica (RAI)<\/p>\n<p>Tel: (809) 580-8056, ext. 103<\/p>\n<p>Cel: 829-977-9189<\/p>\n<p>Correo alcald\u00eda: alcaldiadeliceyalmedio@gmail.com<\/p>\n<p>Correo RAI: yannel9991@gmail.com<\/p>\n","protected":false},"excerpt":{"rendered":"Responsable de Acceso a la Informaci\u00f3n Srita. Yannelis N\u00fa\u00f1ez Responsable de Libre Acceso a la Informaci\u00f3n Publica (RAI) Tel: (809) 580-8056, ext. 103 Cel: 829-977-9189 Correo alcald\u00eda: alcaldiadeliceyalmedio@gmail.com Correo RAI: yannel9991@gmail.com","protected":false},"author":4,"featured_media":0,"parent":0,"menu_order":0,"comment_status":"closed","ping_status":"closed","template":"","meta":[],"acf":[],"_links":{"self":[{"href":"https:\/\/ayuntamientoliceyalmedio.gob.do\/transparencia\/wp-json\/wp\/v2\/pages\/258"}],"collection":[{"href":"https:\/\/ayuntamientoliceyalmedio.gob.do\/transparencia\/wp-json\/wp\/v2\/pages"}],"about":[{"href":"https:\/\/ayuntamientoliceyalmedio.gob.do\/transparencia\/wp-json\/wp\/v2\/types\/page"}],"author":[{"embeddable":true,"href":"https:\/\/ayuntamientoliceyalmedio.gob.do\/transparencia\/wp-json\/wp\/v2\/users\/4"}],"replies":[{"embeddable":true,"href":"https:\/\/ayuntamientoliceyalmedio.gob.do\/transparencia\/wp-json\/wp\/v2\/comments?post=258"}],"version-history":[{"count":4,"href":"https:\/\/ayuntamientoliceyalmedio.gob.do\/transparencia\/wp-json\/wp\/v2\/pages\/258\/revisions"}],"predecessor-version":[{"id":2352,"href":"https:\/\/ayuntamientoliceyalmedio.gob.do\/transparencia\/wp-json\/wp\/v2\/pages\/258\/revisions\/2352"}],"wp:attachment":[{"href":"https:\/\/ayuntamientoliceyalmedio.gob.do\/transparencia\/wp-json\/wp\/v2\/media?parent=258"}],"curies":[{"name":"wp","href":"https:\/\/api.w.org\/{rel}","templated":true}]}}