{"id":56,"date":"2017-12-12T10:55:12","date_gmt":"2017-12-12T14:55:12","guid":{"rendered":"http:\/\/ayuntamiento.guineo\/transparencia\/?page_id=56"},"modified":"2021-03-11T13:15:52","modified_gmt":"2021-03-11T17:15:52","slug":"derechos-de-los-ciudadanos","status":"publish","type":"page","link":"https:\/\/ayuntamientoliceyalmedio.gob.do\/transparencia\/derechos-de-los-ciudadanos\/","title":{"rendered":"Derechos de los Ciudadanos"},"content":{"rendered":"<blockquote><p><span class=\"has-inline-color has-very-dark-gray-color\">Todo ciudadano(a) tiene derecho a:<\/span><\/p>\n<ul>\n<li><span class=\"has-inline-color\"><strong>SOLICITAR<\/strong>\u00a0informaci\u00f3n de cualquier \u00f3rgano del Estado Dominicano y de todas las sociedades an\u00f3nimas, compa\u00f1\u00edas an\u00f3nimas o compa\u00f1\u00edas por acciones con participaci\u00f3n estatal.<\/span><\/li>\n<li><span class=\"has-inline-color\"><strong>RECIBIR<\/strong>\u00a0informaci\u00f3n completa, veraz, adecuada y oportuna de cualquier \u00f3rgano del Estado Dominicano y de todas las sociedades an\u00f3nimas, compa\u00f1\u00edas an\u00f3nimas o compa\u00f1\u00edas por acciones con participaci\u00f3n estatal.<\/span><\/li>\n<li><span class=\"has-inline-color\"><strong>ACCESO<\/strong>\u00a0gratuito a la informaci\u00f3n en tanto que no requiera reproducci\u00f3n de la misma.<\/span><\/li>\n<li><span class=\"has-inline-color\"><strong>SOLICITAR<\/strong>, RECIBIR y DIFUNDIR informaciones pertenecientes a la administraci\u00f3n del Estado.<\/span><\/li>\n<li><span class=\"has-inline-color\"><strong>CONOCER<\/strong>\u00a0los proyectos de reglamentos y otras disposiciones de car\u00e1cter general que rigen las relaciones entre los particulares y la administraci\u00f3n.<\/span><\/li>\n<li><span class=\"has-inline-color\"><strong>OBTENER<\/strong>\u00a0informaci\u00f3n sobre los servicios que ofrece el Estado, requisitos costos.<\/span><\/li>\n<li><span class=\"has-inline-color\"><strong>SABER<\/strong>\u00a0la estructura, integrantes, normativas de funcionamiento, proyectos, informes de gesti\u00f3n, y bases de datos de la administraci\u00f3n p\u00fablica.<\/span><\/li>\n<li><span class=\"has-inline-color\"><strong>CONOCER<\/strong>\u00a0sobre los presupuestos y c\u00e1lculos de recursos y gastos aprobados, su evoluci\u00f3n y estado de ejecuci\u00f3n.<\/span><\/li>\n<li><span class=\"has-inline-color\"><strong>TENER<\/strong>\u00a0informaci\u00f3n sobre los programas y proyectos, sus presupuestos, plazos, ejecuci\u00f3n y supervisi\u00f3n.<\/span><\/li>\n<li><span class=\"has-inline-color\"><strong>ESTAR AL TANTO<\/strong>\u00a0sobre las licitaciones, concursos, compras, gastos y resultados.<\/span><\/li>\n<li><span class=\"has-inline-color\"><strong>ACCEDER<\/strong>\u00a0a la n\u00f3mina del Estado y sus remuneraciones.<\/span><\/li>\n<li><span class=\"has-inline-color\"><strong>CONOCER<\/strong>\u00a0la declaraci\u00f3n jurada patrimonial de los funcionarios del Estado cuando su presentaci\u00f3n corresponda por ley.<\/span><\/li>\n<li><span class=\"has-inline-color\"><strong>RECIBIR<\/strong>\u00a0informaci\u00f3n sobre el listado de beneficiarios de programas asistenciales, subsidios, becas, jubilaciones, pensiones y retiros.<\/span><\/li>\n<li><span class=\"has-inline-color\"><strong>SABER<\/strong>\u00a0sobre el estado de cuentas de la deuda p\u00fablica, sus vencimientos y pagos.<\/span><\/li>\n<li><span class=\"has-inline-color\"><strong>BUSCAR<\/strong>\u00a0las leyes, decretos, resoluciones, disposiciones, marcos regulatorios y cualquier tipo de normativa.<\/span><\/li>\n<li><span class=\"has-inline-color\"><strong>SOLICITAR Y RECIBIR<\/strong>\u00a0oportunamente cualquier tipo de documentaci\u00f3n financiera relativa al presupuesto p\u00fablico.<\/span><\/li>\n<\/ul>\n<p><span class=\"has-inline-color\">En cumplimiento a la Ley 200-04 y el Decreto 130-05, el acceso a la informaci\u00f3n se har\u00e1 efectivo siempre y cuando no afecte la seguridad nacional, el orden p\u00fablico, la salud o la moral p\u00fablica o el derecho a la privacidad e intimidad de un tercero o el derecho a la reputaci\u00f3n de los dem\u00e1s.<\/span><\/p><\/blockquote>\n","protected":false},"excerpt":{"rendered":"Todo ciudadano(a) tiene derecho a: SOLICITAR\u00a0informaci\u00f3n de cualquier \u00f3rgano del Estado Dominicano y de todas las sociedades an\u00f3nimas, compa\u00f1\u00edas an\u00f3nimas o compa\u00f1\u00edas por acciones con participaci\u00f3n estatal. RECIBIR\u00a0informaci\u00f3n completa, veraz, adecuada y oportuna de cualquier \u00f3rgano del Estado Dominicano y de todas las sociedades an\u00f3nimas, compa\u00f1\u00edas an\u00f3nimas o compa\u00f1\u00edas por acciones con participaci\u00f3n estatal. ACCESO\u00a0gratuito&#8230;","protected":false},"author":4,"featured_media":0,"parent":0,"menu_order":0,"comment_status":"closed","ping_status":"closed","template":"","meta":[],"acf":[],"_links":{"self":[{"href":"https:\/\/ayuntamientoliceyalmedio.gob.do\/transparencia\/wp-json\/wp\/v2\/pages\/56"}],"collection":[{"href":"https:\/\/ayuntamientoliceyalmedio.gob.do\/transparencia\/wp-json\/wp\/v2\/pages"}],"about":[{"href":"https:\/\/ayuntamientoliceyalmedio.gob.do\/transparencia\/wp-json\/wp\/v2\/types\/page"}],"author":[{"embeddable":true,"href":"https:\/\/ayuntamientoliceyalmedio.gob.do\/transparencia\/wp-json\/wp\/v2\/users\/4"}],"replies":[{"embeddable":true,"href":"https:\/\/ayuntamientoliceyalmedio.gob.do\/transparencia\/wp-json\/wp\/v2\/comments?post=56"}],"version-history":[{"count":2,"href":"https:\/\/ayuntamientoliceyalmedio.gob.do\/transparencia\/wp-json\/wp\/v2\/pages\/56\/revisions"}],"predecessor-version":[{"id":683,"href":"https:\/\/ayuntamientoliceyalmedio.gob.do\/transparencia\/wp-json\/wp\/v2\/pages\/56\/revisions\/683"}],"wp:attachment":[{"href":"https:\/\/ayuntamientoliceyalmedio.gob.do\/transparencia\/wp-json\/wp\/v2\/media?parent=56"}],"curies":[{"name":"wp","href":"https:\/\/api.w.org\/{rel}","templated":true}]}}