{"id":9,"date":"2021-03-16T13:15:25","date_gmt":"2021-03-16T17:15:25","guid":{"rendered":"http:\/\/ayuntamiento.dev\/transparencia\/?page_id=9"},"modified":"2021-03-16T22:34:39","modified_gmt":"2021-03-17T02:34:39","slug":"mapa-de-sitio","status":"publish","type":"page","link":"https:\/\/ayuntamientoliceyalmedio.gob.do\/transparencia\/mapa-de-sitio\/","title":{"rendered":"Mapa de sitio"},"content":{"rendered":"<div class=\"info-c\">\n<p><strong>Mapa de Sitio<\/strong><\/p>\n<\/div>\n<div>\n<ul id=\"menu-menu-principal-1\" class=\"menu\">\n<li class=\"menu-item menu-item-type-post_type menu-item-object-page menu-item-home menu-item-5\"><a href=\"http:\/\/ayuntamientosalcedo.gob.do\/transparencia\/\">Inicio<\/a><\/li>\n<li class=\"menu-item menu-item-type-custom menu-item-object-custom menu-item-6\"><a href=\"http:\/\/ayuntamientosalcedo.gob.do\/\">Portal institucional<\/a><\/li>\n<li class=\"menu-item menu-item-type-taxonomy menu-item-object-archivosk-ca menu-item-254\"><a href=\"http:\/\/ayuntamientosalcedo.gob.do\/transparencia\/documentos\/base-legal\/\">Base Legal<\/a><\/li>\n<li class=\"menu-item menu-item-type-custom menu-item-object-custom menu-item-has-children menu-item-255\"><a href=\"http:\/\/ayuntamientosalcedo.gob.do\/transparencia\/mapa-de-sitio\/#\">Marco Legal de Transparencia<\/a>\n<ul class=\"sub-menu\">\n<li class=\"menu-item menu-item-type-taxonomy menu-item-object-archivosk-ca menu-item-52\"><a href=\"http:\/\/ayuntamientosalcedo.gob.do\/transparencia\/documentos\/leyes\/\">Leyes<\/a><\/li>\n<li class=\"menu-item menu-item-type-taxonomy menu-item-object-archivosk-ca menu-item-51\"><a href=\"http:\/\/ayuntamientosalcedo.gob.do\/transparencia\/documentos\/decretos\/\">Decretos<\/a><\/li>\n<li class=\"menu-item menu-item-type-taxonomy menu-item-object-archivosk-ca menu-item-53\"><a href=\"http:\/\/ayuntamientosalcedo.gob.do\/transparencia\/documentos\/reglamentos\/\">Reglamentos<\/a><\/li>\n<\/ul>\n<\/li>\n<li class=\"menu-item menu-item-type-taxonomy menu-item-object-archivosk-ca menu-item-55\"><a href=\"http:\/\/ayuntamientosalcedo.gob.do\/transparencia\/documentos\/organigrama\/\">Organigrama<\/a><\/li>\n<li class=\"menu-item menu-item-type-post_type menu-item-object-page menu-item-58\"><a href=\"http:\/\/ayuntamientosalcedo.gob.do\/transparencia\/derechos-de-los-ciudadanos\/\">Derechos de los Ciudadanos<\/a><\/li>\n<li class=\"menu-item menu-item-type-custom menu-item-object-custom menu-item-has-children menu-item-257\"><a href=\"http:\/\/ayuntamientosalcedo.gob.do\/transparencia\/mapa-de-sitio\/#\">Oficina de Libre Acceso a la Informaci\u00f3n Municipal (OAIM)<\/a>\n<ul class=\"sub-menu\">\n<li class=\"menu-item menu-item-type-post_type menu-item-object-page menu-item-80\"><a href=\"http:\/\/ayuntamientosalcedo.gob.do\/transparencia\/definicion-oaim-oficina-de-acceso-a-la-informacion-municipal\/\">Definici\u00f3n OAIM (Oficina de Acceso a la Informaci\u00f3n Municipal)<\/a><\/li>\n<li class=\"menu-item menu-item-type-taxonomy menu-item-object-archivosk-ca menu-item-71\"><a href=\"http:\/\/ayuntamientosalcedo.gob.do\/transparencia\/documentos\/estructura-organizacional-de-la-oaim\/\">Estructura organizacional de la OAIM<\/a><\/li>\n<li class=\"menu-item menu-item-type-taxonomy menu-item-object-archivosk-ca menu-item-75\"><a href=\"http:\/\/ayuntamientosalcedo.gob.do\/transparencia\/documentos\/manual-de-organizacion-de-la-oai\/\">Manual de organizaci\u00f3n de la OAIM<\/a><\/li>\n<li class=\"menu-item menu-item-type-taxonomy menu-item-object-archivosk-ca menu-item-76\"><a href=\"http:\/\/ayuntamientosalcedo.gob.do\/transparencia\/documentos\/manual-de-procedimientos-de-la-oaim\/\">Manual de procedimientos de la OAIM<\/a><\/li>\n<li class=\"menu-item menu-item-type-taxonomy menu-item-object-archivosk-ca menu-item-70\"><a href=\"http:\/\/ayuntamientosalcedo.gob.do\/transparencia\/documentos\/estadisticas-y-balances-de-la-gestion-oaim\/\">Estad\u00edsticas y balances de la gesti\u00f3n OAIM<\/a><\/li>\n<li class=\"menu-item menu-item-type-post_type menu-item-object-page menu-item-260\"><a href=\"http:\/\/ayuntamientosalcedo.gob.do\/transparencia\/responsable-de-acceso-a-la-informacion\/\">Responsable de Acceso a la Informaci\u00f3n<\/a><\/li>\n<li class=\"menu-item menu-item-type-taxonomy menu-item-object-archivosk-ca menu-item-74\"><a href=\"http:\/\/ayuntamientosalcedo.gob.do\/transparencia\/documentos\/informacion-clasificada\/\">Informaci\u00f3n clasificada<\/a><\/li>\n<li class=\"menu-item menu-item-type-taxonomy menu-item-object-archivosk-ca menu-item-73\"><a href=\"http:\/\/ayuntamientosalcedo.gob.do\/transparencia\/documentos\/indice-de-documentos-para-entregas\/\">Indice de documentos para entregas<\/a><\/li>\n<li class=\"menu-item menu-item-type-post_type menu-item-object-page menu-item-264\"><a href=\"http:\/\/ayuntamientosalcedo.gob.do\/transparencia\/formulario-de-solicitud-de-informacion\/\">Formulario de solicitud de Informaci\u00f3n<\/a><\/li>\n<\/ul>\n<\/li>\n<li class=\"menu-item menu-item-type-taxonomy menu-item-object-archivosk-ca menu-item-has-children menu-item-443\"><a href=\"http:\/\/ayuntamientosalcedo.gob.do\/transparencia\/documentos\/planificacion-y-desarrollo\/\">Planificaci\u00f3n y desarrollo<\/a>\n<ul class=\"sub-menu\">\n<li class=\"menu-item menu-item-type-taxonomy menu-item-object-archivosk-ca menu-item-83\"><a href=\"http:\/\/ayuntamientosalcedo.gob.do\/transparencia\/documentos\/plan-estrategico\/\">Plan estrat\u00e9gico<\/a><\/li>\n<li class=\"menu-item menu-item-type-taxonomy menu-item-object-archivosk-ca menu-item-84\"><a href=\"http:\/\/ayuntamientosalcedo.gob.do\/transparencia\/documentos\/plan-municipal-de-desarrollo\/\">Plan municipal de desarrollo<\/a><\/li>\n<li class=\"menu-item menu-item-type-taxonomy menu-item-object-archivosk-ca menu-item-86\"><a href=\"http:\/\/ayuntamientosalcedo.gob.do\/transparencia\/documentos\/plan-operativo-anual\/\">Plan operativo anual<\/a><\/li>\n<\/ul>\n<\/li>\n<li class=\"menu-item menu-item-type-taxonomy menu-item-object-archivosk-ca menu-item-87\"><a href=\"http:\/\/ayuntamientosalcedo.gob.do\/transparencia\/documentos\/publicaciones\/\">Publicaciones<\/a><\/li>\n<li class=\"menu-item menu-item-type-taxonomy menu-item-object-archivosk-ca menu-item-88\"><a href=\"http:\/\/ayuntamientosalcedo.gob.do\/transparencia\/documentos\/estadisticas\/\">Estad\u00edsticas<\/a><\/li>\n<li class=\"menu-item menu-item-type-custom menu-item-object-custom menu-item-93\"><a href=\"http:\/\/ayuntamientosalcedo.gob.do\/category\/servicios\/\">Servicios<\/a><\/li>\n<li class=\"menu-item menu-item-type-custom menu-item-object-custom menu-item-94\"><a href=\"http:\/\/311.gob.do\/\">Acceso al 311<\/a><\/li>\n<li class=\"menu-item menu-item-type-taxonomy menu-item-object-archivosk-ca menu-item-95\"><a href=\"http:\/\/ayuntamientosalcedo.gob.do\/transparencia\/documentos\/declaraciones-juradas\/\">Declaraciones juradas<\/a><\/li>\n<li class=\"menu-item menu-item-type-custom menu-item-object-custom menu-item-has-children menu-item-266\"><a href=\"http:\/\/ayuntamientosalcedo.gob.do\/transparencia\/mapa-de-sitio\/#\">Presupuesto<\/a>\n<ul class=\"sub-menu\">\n<li class=\"menu-item menu-item-type-taxonomy menu-item-object-archivosk-ca menu-item-139\"><a href=\"http:\/\/ayuntamientosalcedo.gob.do\/transparencia\/documentos\/aprobado\/\">Aprobado<\/a><\/li>\n<li class=\"menu-item menu-item-type-taxonomy menu-item-object-archivosk-ca menu-item-138\"><a href=\"http:\/\/ayuntamientosalcedo.gob.do\/transparencia\/documentos\/ejecucion-presupuestaria\/\">Ejecuci\u00f3n presupuestaria<\/a><\/li>\n<\/ul>\n<\/li>\n<li class=\"menu-item menu-item-type-custom menu-item-object-custom menu-item-has-children menu-item-267\"><a href=\"http:\/\/ayuntamientosalcedo.gob.do\/transparencia\/mapa-de-sitio\/#\">Recursos Humanos<\/a>\n<ul class=\"sub-menu\">\n<li class=\"menu-item menu-item-type-taxonomy menu-item-object-archivosk-ca menu-item-143\"><a href=\"http:\/\/ayuntamientosalcedo.gob.do\/transparencia\/documentos\/nomina\/\">N\u00f3mina<\/a><\/li>\n<li class=\"menu-item menu-item-type-taxonomy menu-item-object-archivosk-ca menu-item-142\"><a href=\"http:\/\/ayuntamientosalcedo.gob.do\/transparencia\/documentos\/jubilaciones-pensiones-y-retiros\/\">Jubilaciones, pensiones y retiros<\/a><\/li>\n<li class=\"menu-item menu-item-type-taxonomy menu-item-object-archivosk-ca menu-item-141\"><a href=\"http:\/\/ayuntamientosalcedo.gob.do\/transparencia\/documentos\/vacantes\/\">Vacantes<\/a><\/li>\n<\/ul>\n<\/li>\n<li class=\"menu-item menu-item-type-taxonomy menu-item-object-archivosk-ca menu-item-144\"><a href=\"http:\/\/ayuntamientosalcedo.gob.do\/transparencia\/documentos\/asistencia-social\/\">Asistencia social<\/a><\/li>\n<li class=\"menu-item menu-item-type-custom menu-item-object-custom menu-item-has-children menu-item-268\"><a href=\"http:\/\/ayuntamientosalcedo.gob.do\/transparencia\/mapa-de-sitio\/#\">Compras y contrataciones<\/a>\n<ul class=\"sub-menu\">\n<li class=\"menu-item menu-item-type-custom menu-item-object-custom menu-item-366\"><a href=\"https:\/\/www.dgcp.gob.do\/index.php\/listado-de-proveedores\/\">Lista de proveedores<\/a><\/li>\n<li class=\"menu-item menu-item-type-taxonomy menu-item-object-archivosk-ca menu-item-109\"><a href=\"http:\/\/ayuntamientosalcedo.gob.do\/transparencia\/documentos\/lista-de-compras-y-contrataciones-realizadas-y-aprobadas\/\">Lista de compras y contrataciones realizadas y aprobadas<\/a><\/li>\n<li class=\"menu-item menu-item-type-custom menu-item-object-custom menu-item-365\"><a href=\"http:\/\/comprasdominicana.gov.do\/web\/guest\/como-inscribirse\">\u00bfC\u00f3mo ser proveedor?<\/a><\/li>\n<li class=\"menu-item menu-item-type-taxonomy menu-item-object-archivosk-ca menu-item-106\"><a href=\"http:\/\/ayuntamientosalcedo.gob.do\/transparencia\/documentos\/plan-anual-de-compras\/\">Plan anual de compras<\/a><\/li>\n<li class=\"menu-item menu-item-type-taxonomy menu-item-object-archivosk-ca menu-item-103\"><a href=\"http:\/\/ayuntamientosalcedo.gob.do\/transparencia\/documentos\/licitaciones-publicas\/\">Licitaciones p\u00fablicas<\/a><\/li>\n<li class=\"menu-item menu-item-type-taxonomy menu-item-object-archivosk-ca menu-item-104\"><a href=\"http:\/\/ayuntamientosalcedo.gob.do\/transparencia\/documentos\/licitaciones-restringidas\/\">Licitaciones restringidas<\/a><\/li>\n<li class=\"menu-item menu-item-type-taxonomy menu-item-object-archivosk-ca menu-item-107\"><a href=\"http:\/\/ayuntamientosalcedo.gob.do\/transparencia\/documentos\/sorteos-de-obras\/\">Sorteos de obras<\/a><\/li>\n<li class=\"menu-item menu-item-type-taxonomy menu-item-object-archivosk-ca menu-item-99\"><a href=\"http:\/\/ayuntamientosalcedo.gob.do\/transparencia\/documentos\/comparaciones-de-precios\/\">Comparaciones de precios<\/a><\/li>\n<li class=\"menu-item menu-item-type-taxonomy menu-item-object-archivosk-ca menu-item-100\"><a href=\"http:\/\/ayuntamientosalcedo.gob.do\/transparencia\/documentos\/compras-menores\/\">Compras menores<\/a><\/li>\n<li class=\"menu-item menu-item-type-taxonomy menu-item-object-archivosk-ca menu-item-101\"><a href=\"http:\/\/ayuntamientosalcedo.gob.do\/transparencia\/documentos\/compras-por-debajo-del-umbral\/\">Compras por debajo del umbral<\/a><\/li>\n<li class=\"menu-item menu-item-type-taxonomy menu-item-object-archivosk-ca menu-item-98\"><a href=\"http:\/\/ayuntamientosalcedo.gob.do\/transparencia\/documentos\/casos-de-emergencia-y-urgencias\/\">Casos de emergencia y ugencias<\/a><\/li>\n<li class=\"menu-item menu-item-type-taxonomy menu-item-object-archivosk-ca menu-item-102\"><a href=\"http:\/\/ayuntamientosalcedo.gob.do\/transparencia\/documentos\/estado-de-cuentas-de-suplidore\/\">Estado de cuentas de suplidores<\/a><\/li>\n<\/ul>\n<\/li>\n<li class=\"menu-item menu-item-type-custom menu-item-object-custom menu-item-has-children menu-item-269\"><a href=\"http:\/\/ayuntamientosalcedo.gob.do\/transparencia\/mapa-de-sitio\/#\">Proyectos y programas<\/a>\n<ul class=\"sub-menu\">\n<li class=\"menu-item menu-item-type-taxonomy menu-item-object-archivosk-ca menu-item-111\"><a href=\"http:\/\/ayuntamientosalcedo.gob.do\/transparencia\/documentos\/descripcion\/\">Descripci\u00f3n<\/a><\/li>\n<li class=\"menu-item menu-item-type-taxonomy menu-item-object-archivosk-ca menu-item-112\"><a href=\"http:\/\/ayuntamientosalcedo.gob.do\/transparencia\/documentos\/informes-de-presupuesto\/\">Informes de presupuesto<\/a><\/li>\n<li class=\"menu-item menu-item-type-taxonomy menu-item-object-archivosk-ca menu-item-113\"><a href=\"http:\/\/ayuntamientosalcedo.gob.do\/transparencia\/documentos\/informes-de-seguimiento\/\">Informes de seguimiento<\/a><\/li>\n<\/ul>\n<\/li>\n<li class=\"menu-item menu-item-type-custom menu-item-object-custom menu-item-has-children menu-item-270\"><a href=\"http:\/\/ayuntamientosalcedo.gob.do\/transparencia\/mapa-de-sitio\/#\">Finanzas<\/a>\n<ul class=\"sub-menu\">\n<li class=\"menu-item menu-item-type-taxonomy menu-item-object-archivosk-ca menu-item-116\"><a href=\"http:\/\/ayuntamientosalcedo.gob.do\/transparencia\/documentos\/balance-general\/\">Balance general<\/a><\/li>\n<li class=\"menu-item menu-item-type-taxonomy menu-item-object-archivosk-ca menu-item-118\"><a href=\"http:\/\/ayuntamientosalcedo.gob.do\/transparencia\/documentos\/ingresos-y-egresos\/\">Ingresos y egresos<\/a><\/li>\n<li class=\"menu-item menu-item-type-taxonomy menu-item-object-archivosk-ca menu-item-117\"><a href=\"http:\/\/ayuntamientosalcedo.gob.do\/transparencia\/documentos\/informes-de-auditorias\/\">Informes de auditor\u00edas<\/a><\/li>\n<li class=\"menu-item menu-item-type-taxonomy menu-item-object-archivosk-ca menu-item-115\"><a href=\"http:\/\/ayuntamientosalcedo.gob.do\/transparencia\/documentos\/activos-fijos\/\">Activos fijos<\/a><\/li>\n<li class=\"menu-item menu-item-type-taxonomy menu-item-object-archivosk-ca menu-item-119\"><a href=\"http:\/\/ayuntamientosalcedo.gob.do\/transparencia\/documentos\/inventario-en-almacen\/\">Inventario en almac\u00e9n<\/a><\/li>\n<\/ul>\n<\/li>\n<\/ul>\n<\/div>\n","protected":false},"excerpt":{"rendered":"Mapa de Sitio Inicio Portal institucional Base Legal Marco Legal de Transparencia Leyes Decretos Reglamentos Organigrama Derechos de los Ciudadanos Oficina de Libre Acceso a la Informaci\u00f3n Municipal (OAIM) Definici\u00f3n OAIM (Oficina de Acceso a la Informaci\u00f3n Municipal) Estructura organizacional de la OAIM Manual de organizaci\u00f3n de la OAIM Manual de procedimientos de la OAIM&#8230;","protected":false},"author":4,"featured_media":0,"parent":0,"menu_order":0,"comment_status":"closed","ping_status":"closed","template":"template-home.php","meta":[],"acf":[],"_links":{"self":[{"href":"https:\/\/ayuntamientoliceyalmedio.gob.do\/transparencia\/wp-json\/wp\/v2\/pages\/9"}],"collection":[{"href":"https:\/\/ayuntamientoliceyalmedio.gob.do\/transparencia\/wp-json\/wp\/v2\/pages"}],"about":[{"href":"https:\/\/ayuntamientoliceyalmedio.gob.do\/transparencia\/wp-json\/wp\/v2\/types\/page"}],"author":[{"embeddable":true,"href":"https:\/\/ayuntamientoliceyalmedio.gob.do\/transparencia\/wp-json\/wp\/v2\/users\/4"}],"replies":[{"embeddable":true,"href":"https:\/\/ayuntamientoliceyalmedio.gob.do\/transparencia\/wp-json\/wp\/v2\/comments?post=9"}],"version-history":[{"count":4,"href":"https:\/\/ayuntamientoliceyalmedio.gob.do\/transparencia\/wp-json\/wp\/v2\/pages\/9\/revisions"}],"predecessor-version":[{"id":731,"href":"https:\/\/ayuntamientoliceyalmedio.gob.do\/transparencia\/wp-json\/wp\/v2\/pages\/9\/revisions\/731"}],"wp:attachment":[{"href":"https:\/\/ayuntamientoliceyalmedio.gob.do\/transparencia\/wp-json\/wp\/v2\/media?parent=9"}],"curies":[{"name":"wp","href":"https:\/\/api.w.org\/{rel}","templated":true}]}}